{"id":292,"date":"2016-04-12T21:21:50","date_gmt":"2016-04-12T18:21:50","guid":{"rendered":"http:\/\/uus.eto.ee\/ru\/?page_id=292"},"modified":"2024-07-12T14:54:20","modified_gmt":"2024-07-12T11:54:20","slug":"%d0%ba%d0%be%d0%bd%d1%82%d0%b0%d0%ba%d1%82","status":"publish","type":"page","link":"https:\/\/www.eto.ee\/ru\/%d0%ba%d0%be%d0%bd%d1%82%d0%b0%d0%ba%d1%82\/","title":{"rendered":"\u041a\u041e\u041d\u0422\u0410\u041a\u0422"},"content":{"rendered":"<p><strong>Eesti Taaskasutusorganisatsioon MT\u00dc (ETO)<\/strong><br \/>\nMustam\u00e4e tee 24, 10 621 Tallinn<br \/>\nTel: +372 640 3240<\/p>\n<p><strong>ETO t\u00f6\u00f6tajad:<\/strong><\/p>\n<p>Siret Kivilo, juhatuse liige<br \/>\nkontakt: siret@eto.ee, tel: 510 85 51<\/p>\n<p>Rainer Ramjalg, turundus- ja m\u00fc\u00fcgijuht<br \/>\nkontakt: rainer@eto.ee, tel: 502 23 85<\/p>\n<p>Merle M\u00e4nnik, raamatupidaja &#8212; b\u00fcroojuht<br \/>\nkontakt: eto@eto.ee, tel: 640 32 40, 566 38 831<\/p>\n<p>Gerli J\u00fcri\u00f6\u00f6, arendusjuht<br \/>\nkontakt: gerli@eto.ee, tel: 536 10 510<\/p>\n","protected":false},"excerpt":{"rendered":"<p>Eesti Taaskasutusorganisatsioon MT\u00dc (ETO) Mustam\u00e4e tee 24, 10 621 Tallinn Tel: +372 640 3240 ETO t\u00f6\u00f6tajad: Siret Kivilo, juhatuse liige kontakt: siret@eto.ee, tel: 510 85 51 Rainer Ramjalg, turundus- ja m\u00fc\u00fcgijuht kontakt: rainer@eto.ee, tel: 502 23 85 Merle M\u00e4nnik, raamatupidaja &#8212; b\u00fcroojuht kontakt: eto@eto.ee, tel: 640 32 40, 566 38 831 Gerli J\u00fcri\u00f6\u00f6, arendusjuht kontakt: [&hellip;]<\/p>\n","protected":false},"author":1,"featured_media":0,"parent":0,"menu_order":0,"comment_status":"closed","ping_status":"closed","template":"","meta":{"inline_featured_image":false,"_uag_custom_page_level_css":"","site-sidebar-layout":"no-sidebar","site-content-layout":"","ast-site-content-layout":"default","site-content-style":"default","site-sidebar-style":"default","ast-global-header-display":"","ast-banner-title-visibility":"","ast-main-header-display":"","ast-hfb-above-header-display":"","ast-hfb-below-header-display":"","ast-hfb-mobile-header-display":"","site-post-title":"","ast-breadcrumbs-content":"","ast-featured-img":"","footer-sml-layout":"","ast-disable-related-posts":"","theme-transparent-header-meta":"","adv-header-id-meta":"","stick-header-meta":"","header-above-stick-meta":"","header-main-stick-meta":"","header-below-stick-meta":"","astra-migrate-meta-layouts":"set","ast-page-background-enabled":"default","ast-page-background-meta":{"desktop":{"background-color":"var(--ast-global-color-4)","background-image":"","background-repeat":"repeat","background-position":"center center","background-size":"auto","background-attachment":"scroll","background-type":"","background-media":"","overlay-type":"","overlay-color":"","overlay-opacity":"","overlay-gradient":""},"tablet":{"background-color":"","background-image":"","background-repeat":"repeat","background-position":"center center","background-size":"auto","background-attachment":"scroll","background-type":"","background-media":"","overlay-type":"","overlay-color":"","overlay-opacity":"","overlay-gradient":""},"mobile":{"background-color":"","background-image":"","background-repeat":"repeat","background-position":"center center","background-size":"auto","background-attachment":"scroll","background-type":"","background-media":"","overlay-type":"","overlay-color":"","overlay-opacity":"","overlay-gradient":""}},"ast-content-background-meta":{"desktop":{"background-color":"var(--ast-global-color-5)","background-image":"","background-repeat":"repeat","background-position":"center center","background-size":"auto","background-attachment":"scroll","background-type":"","background-media":"","overlay-type":"","overlay-color":"","overlay-opacity":"","overlay-gradient":""},"tablet":{"background-color":"var(--ast-global-color-5)","background-image":"","background-repeat":"repeat","background-position":"center center","background-size":"auto","background-attachment":"scroll","background-type":"","background-media":"","overlay-type":"","overlay-color":"","overlay-opacity":"","overlay-gradient":""},"mobile":{"background-color":"var(--ast-global-color-5)","background-image":"","background-repeat":"repeat","background-position":"center center","background-size":"auto","background-attachment":"scroll","background-type":"","background-media":"","overlay-type":"","overlay-color":"","overlay-opacity":"","overlay-gradient":""}},"footnotes":""},"class_list":["post-292","page","type-page","status-publish","hentry"],"yoast_head":"<!-- This site is optimized with the Yoast SEO plugin v27.6 - https:\/\/yoast.com\/product\/yoast-seo-wordpress\/ -->\n<title>\u041a\u041e\u041d\u0422\u0410\u041a\u0422 &#187; ETO<\/title>\n<meta name=\"robots\" content=\"index, follow, max-snippet:-1, max-image-preview:large, max-video-preview:-1\" \/>\n<link rel=\"canonical\" href=\"https:\/\/www.eto.ee\/ru\/\u043a\u043e\u043d\u0442\u0430\u043a\u0442\/\" \/>\n<meta property=\"og:locale\" content=\"ru_RU\" \/>\n<meta property=\"og:type\" content=\"article\" \/>\n<meta property=\"og:title\" content=\"\u041a\u041e\u041d\u0422\u0410\u041a\u0422 &#187; ETO\" \/>\n<meta property=\"og:description\" content=\"Eesti Taaskasutusorganisatsioon MT\u00dc (ETO) Mustam\u00e4e tee 24, 10 621 Tallinn Tel: +372 640 3240 ETO t\u00f6\u00f6tajad: Siret Kivilo, juhatuse liige kontakt: siret@eto.ee, tel: 510 85 51 Rainer Ramjalg, turundus- ja m\u00fc\u00fcgijuht kontakt: rainer@eto.ee, tel: 502 23 85 Merle M\u00e4nnik, raamatupidaja &#8212; b\u00fcroojuht kontakt: eto@eto.ee, tel: 640 32 40, 566 38 831 Gerli J\u00fcri\u00f6\u00f6, arendusjuht kontakt: [&hellip;]\" \/>\n<meta property=\"og:url\" content=\"https:\/\/www.eto.ee\/ru\/\u043a\u043e\u043d\u0442\u0430\u043a\u0442\/\" \/>\n<meta property=\"og:site_name\" content=\"ETO\" \/>\n<meta property=\"article:modified_time\" content=\"2024-07-12T11:54:20+00:00\" \/>\n<meta name=\"twitter:card\" content=\"summary_large_image\" \/>\n<meta name=\"twitter:label1\" content=\"\u041f\u0440\u0438\u043c\u0435\u0440\u043d\u043e\u0435 \u0432\u0440\u0435\u043c\u044f \u0434\u043b\u044f \u0447\u0442\u0435\u043d\u0438\u044f\" \/>\n\t<meta name=\"twitter:data1\" content=\"1 \u043c\u0438\u043d\u0443\u0442\u0430\" \/>\n<script type=\"application\/ld+json\" class=\"yoast-schema-graph\">{\"@context\":\"https:\\\/\\\/schema.org\",\"@graph\":[{\"@type\":\"WebPage\",\"@id\":\"https:\\\/\\\/www.eto.ee\\\/ru\\\/%d0%ba%d0%be%d0%bd%d1%82%d0%b0%d0%ba%d1%82\\\/\",\"url\":\"https:\\\/\\\/www.eto.ee\\\/ru\\\/%d0%ba%d0%be%d0%bd%d1%82%d0%b0%d0%ba%d1%82\\\/\",\"name\":\"\u041a\u041e\u041d\u0422\u0410\u041a\u0422 &#187; ETO\",\"isPartOf\":{\"@id\":\"https:\\\/\\\/www.eto.ee\\\/#website\"},\"datePublished\":\"2016-04-12T18:21:50+00:00\",\"dateModified\":\"2024-07-12T11:54:20+00:00\",\"breadcrumb\":{\"@id\":\"https:\\\/\\\/www.eto.ee\\\/ru\\\/%d0%ba%d0%be%d0%bd%d1%82%d0%b0%d0%ba%d1%82\\\/#breadcrumb\"},\"inLanguage\":\"ru-RU\",\"potentialAction\":[{\"@type\":\"ReadAction\",\"target\":[\"https:\\\/\\\/www.eto.ee\\\/ru\\\/%d0%ba%d0%be%d0%bd%d1%82%d0%b0%d0%ba%d1%82\\\/\"]}]},{\"@type\":\"BreadcrumbList\",\"@id\":\"https:\\\/\\\/www.eto.ee\\\/ru\\\/%d0%ba%d0%be%d0%bd%d1%82%d0%b0%d0%ba%d1%82\\\/#breadcrumb\",\"itemListElement\":[{\"@type\":\"ListItem\",\"position\":1,\"name\":\"Home\",\"item\":\"https:\\\/\\\/www.eto.ee\\\/ru\\\/\"},{\"@type\":\"ListItem\",\"position\":2,\"name\":\"\u041a\u041e\u041d\u0422\u0410\u041a\u0422\"}]},{\"@type\":\"WebSite\",\"@id\":\"https:\\\/\\\/www.eto.ee\\\/#website\",\"url\":\"https:\\\/\\\/www.eto.ee\\\/\",\"name\":\"ETO\",\"description\":\"MT\u00dc Eesti Taaskasutusorganisatsioon\",\"publisher\":{\"@id\":\"https:\\\/\\\/www.eto.ee\\\/#organization\"},\"potentialAction\":[{\"@type\":\"SearchAction\",\"target\":{\"@type\":\"EntryPoint\",\"urlTemplate\":\"https:\\\/\\\/www.eto.ee\\\/?s={search_term_string}\"},\"query-input\":{\"@type\":\"PropertyValueSpecification\",\"valueRequired\":true,\"valueName\":\"search_term_string\"}}],\"inLanguage\":\"ru-RU\"},{\"@type\":\"Organization\",\"@id\":\"https:\\\/\\\/www.eto.ee\\\/#organization\",\"name\":\"ETO\",\"url\":\"https:\\\/\\\/www.eto.ee\\\/\",\"logo\":{\"@type\":\"ImageObject\",\"inLanguage\":\"ru-RU\",\"@id\":\"https:\\\/\\\/www.eto.ee\\\/#\\\/schema\\\/logo\\\/image\\\/\",\"url\":\"https:\\\/\\\/www.eto.ee\\\/wp-content\\\/uploads\\\/eto-logo.svg\",\"contentUrl\":\"https:\\\/\\\/www.eto.ee\\\/wp-content\\\/uploads\\\/eto-logo.svg\",\"width\":\"1024\",\"height\":\"1024\",\"caption\":\"ETO\"},\"image\":{\"@id\":\"https:\\\/\\\/www.eto.ee\\\/#\\\/schema\\\/logo\\\/image\\\/\"}}]}<\/script>\n<!-- \/ Yoast SEO plugin. -->","yoast_head_json":{"title":"\u041a\u041e\u041d\u0422\u0410\u041a\u0422 &#187; ETO","robots":{"index":"index","follow":"follow","max-snippet":"max-snippet:-1","max-image-preview":"max-image-preview:large","max-video-preview":"max-video-preview:-1"},"canonical":"https:\/\/www.eto.ee\/ru\/\u043a\u043e\u043d\u0442\u0430\u043a\u0442\/","og_locale":"ru_RU","og_type":"article","og_title":"\u041a\u041e\u041d\u0422\u0410\u041a\u0422 &#187; ETO","og_description":"Eesti Taaskasutusorganisatsioon MT\u00dc (ETO) Mustam\u00e4e tee 24, 10 621 Tallinn Tel: +372 640 3240 ETO t\u00f6\u00f6tajad: Siret Kivilo, juhatuse liige kontakt: siret@eto.ee, tel: 510 85 51 Rainer Ramjalg, turundus- ja m\u00fc\u00fcgijuht kontakt: rainer@eto.ee, tel: 502 23 85 Merle M\u00e4nnik, raamatupidaja &#8212; b\u00fcroojuht kontakt: eto@eto.ee, tel: 640 32 40, 566 38 831 Gerli J\u00fcri\u00f6\u00f6, arendusjuht kontakt: [&hellip;]","og_url":"https:\/\/www.eto.ee\/ru\/\u043a\u043e\u043d\u0442\u0430\u043a\u0442\/","og_site_name":"ETO","article_modified_time":"2024-07-12T11:54:20+00:00","twitter_card":"summary_large_image","twitter_misc":{"\u041f\u0440\u0438\u043c\u0435\u0440\u043d\u043e\u0435 \u0432\u0440\u0435\u043c\u044f \u0434\u043b\u044f \u0447\u0442\u0435\u043d\u0438\u044f":"1 \u043c\u0438\u043d\u0443\u0442\u0430"},"schema":{"@context":"https:\/\/schema.org","@graph":[{"@type":"WebPage","@id":"https:\/\/www.eto.ee\/ru\/%d0%ba%d0%be%d0%bd%d1%82%d0%b0%d0%ba%d1%82\/","url":"https:\/\/www.eto.ee\/ru\/%d0%ba%d0%be%d0%bd%d1%82%d0%b0%d0%ba%d1%82\/","name":"\u041a\u041e\u041d\u0422\u0410\u041a\u0422 &#187; ETO","isPartOf":{"@id":"https:\/\/www.eto.ee\/#website"},"datePublished":"2016-04-12T18:21:50+00:00","dateModified":"2024-07-12T11:54:20+00:00","breadcrumb":{"@id":"https:\/\/www.eto.ee\/ru\/%d0%ba%d0%be%d0%bd%d1%82%d0%b0%d0%ba%d1%82\/#breadcrumb"},"inLanguage":"ru-RU","potentialAction":[{"@type":"ReadAction","target":["https:\/\/www.eto.ee\/ru\/%d0%ba%d0%be%d0%bd%d1%82%d0%b0%d0%ba%d1%82\/"]}]},{"@type":"BreadcrumbList","@id":"https:\/\/www.eto.ee\/ru\/%d0%ba%d0%be%d0%bd%d1%82%d0%b0%d0%ba%d1%82\/#breadcrumb","itemListElement":[{"@type":"ListItem","position":1,"name":"Home","item":"https:\/\/www.eto.ee\/ru\/"},{"@type":"ListItem","position":2,"name":"\u041a\u041e\u041d\u0422\u0410\u041a\u0422"}]},{"@type":"WebSite","@id":"https:\/\/www.eto.ee\/#website","url":"https:\/\/www.eto.ee\/","name":"ETO","description":"MT\u00dc Eesti Taaskasutusorganisatsioon","publisher":{"@id":"https:\/\/www.eto.ee\/#organization"},"potentialAction":[{"@type":"SearchAction","target":{"@type":"EntryPoint","urlTemplate":"https:\/\/www.eto.ee\/?s={search_term_string}"},"query-input":{"@type":"PropertyValueSpecification","valueRequired":true,"valueName":"search_term_string"}}],"inLanguage":"ru-RU"},{"@type":"Organization","@id":"https:\/\/www.eto.ee\/#organization","name":"ETO","url":"https:\/\/www.eto.ee\/","logo":{"@type":"ImageObject","inLanguage":"ru-RU","@id":"https:\/\/www.eto.ee\/#\/schema\/logo\/image\/","url":"https:\/\/www.eto.ee\/wp-content\/uploads\/eto-logo.svg","contentUrl":"https:\/\/www.eto.ee\/wp-content\/uploads\/eto-logo.svg","width":"1024","height":"1024","caption":"ETO"},"image":{"@id":"https:\/\/www.eto.ee\/#\/schema\/logo\/image\/"}}]}},"uagb_featured_image_src":{"full":false,"thumbnail":false,"medium":false,"medium_large":false,"large":false,"1536x1536":false,"2048x2048":false},"uagb_author_info":{"display_name":"admin","author_link":"https:\/\/www.eto.ee\/ru\/author\/admin\/"},"uagb_comment_info":0,"uagb_excerpt":"Eesti Taaskasutusorganisatsioon MT\u00dc (ETO) Mustam\u00e4e tee 24, 10 621 Tallinn Tel: +372 640 3240 ETO t\u00f6\u00f6tajad: Siret Kivilo, juhatuse liige kontakt: siret@eto.ee, tel: 510 85 51 Rainer Ramjalg, turundus- ja m\u00fc\u00fcgijuht kontakt: rainer@eto.ee, tel: 502 23 85 Merle M\u00e4nnik, raamatupidaja &#8212; b\u00fcroojuht kontakt: eto@eto.ee, tel: 640 32 40, 566 38 831 Gerli J\u00fcri\u00f6\u00f6, arendusjuht kontakt:&hellip;","_links":{"self":[{"href":"https:\/\/www.eto.ee\/ru\/wp-json\/wp\/v2\/pages\/292","targetHints":{"allow":["GET"]}}],"collection":[{"href":"https:\/\/www.eto.ee\/ru\/wp-json\/wp\/v2\/pages"}],"about":[{"href":"https:\/\/www.eto.ee\/ru\/wp-json\/wp\/v2\/types\/page"}],"author":[{"embeddable":true,"href":"https:\/\/www.eto.ee\/ru\/wp-json\/wp\/v2\/users\/1"}],"replies":[{"embeddable":true,"href":"https:\/\/www.eto.ee\/ru\/wp-json\/wp\/v2\/comments?post=292"}],"version-history":[{"count":6,"href":"https:\/\/www.eto.ee\/ru\/wp-json\/wp\/v2\/pages\/292\/revisions"}],"predecessor-version":[{"id":2333,"href":"https:\/\/www.eto.ee\/ru\/wp-json\/wp\/v2\/pages\/292\/revisions\/2333"}],"wp:attachment":[{"href":"https:\/\/www.eto.ee\/ru\/wp-json\/wp\/v2\/media?parent=292"}],"curies":[{"name":"wp","href":"https:\/\/api.w.org\/{rel}","templated":true}]}}