{"id":268,"date":"2016-04-12T21:11:32","date_gmt":"2016-04-12T18:11:32","guid":{"rendered":"http:\/\/uus.eto.ee\/ru\/?page_id=268"},"modified":"2025-11-13T11:25:12","modified_gmt":"2025-11-13T09:25:12","slug":"%d0%bf%d1%80%d0%b0%d0%b2%d0%bb%d0%b5%d0%bd%d0%b8%d0%b5-%d0%b5%d1%82%d0%be","status":"publish","type":"page","link":"https:\/\/www.eto.ee\/ru\/eto\/%d0%bf%d1%80%d0%b0%d0%b2%d0%bb%d0%b5%d0%bd%d0%b8%d0%b5-%d0%b5%d1%82%d0%be\/","title":{"rendered":"\u041f\u0440\u0430\u0432\u043b\u0435\u043d\u0438\u0435 \u0415\u0422\u041e"},"content":{"rendered":"<p>\u0427\u043b\u0435\u043d \u043f\u0440\u0430\u0432\u043b\u0435\u043d\u0438\u044f:\u00a0Siret Kivilo<\/p>\n<p>\u0421\u043e\u0432\u0435\u0442:<br \/>\nAnora Estonia AS (Kai Rukki &#8212; \u043f\u0440\u0435\u0434\u0441\u0435\u0434\u0430\u0442\u0435\u043b\u044c \u0441\u043e\u0432\u0435\u0442\u0430 ETO)<br \/>\nCoop Eesti Kesk\u00fchistu (Veiko Haavapuu)<br \/>\nRimi Eesti Food AS (Erik Lepik)<br \/>\nMaag Eesti AS (Martin K\u00fc\u00fcsmaa)<br \/>\nValio Eesti AS (Andrus M\u00f6lder)<\/p>\n","protected":false},"excerpt":{"rendered":"<p>\u0427\u043b\u0435\u043d \u043f\u0440\u0430\u0432\u043b\u0435\u043d\u0438\u044f:\u00a0Siret Kivilo \u0421\u043e\u0432\u0435\u0442: Anora Estonia AS (Kai Rukki &#8212; \u043f\u0440\u0435\u0434\u0441\u0435\u0434\u0430\u0442\u0435\u043b\u044c \u0441\u043e\u0432\u0435\u0442\u0430 ETO) Coop Eesti Kesk\u00fchistu (Veiko Haavapuu) Rimi Eesti Food AS (Erik Lepik) Maag Eesti AS (Martin K\u00fc\u00fcsmaa) Valio Eesti AS (Andrus M\u00f6lder)<\/p>\n","protected":false},"author":1,"featured_media":0,"parent":260,"menu_order":0,"comment_status":"closed","ping_status":"closed","template":"","meta":{"inline_featured_image":false,"_uag_custom_page_level_css":"","site-sidebar-layout":"default","site-content-layout":"","ast-site-content-layout":"default","site-content-style":"default","site-sidebar-style":"default","ast-global-header-display":"","ast-banner-title-visibility":"","ast-main-header-display":"","ast-hfb-above-header-display":"","ast-hfb-below-header-display":"","ast-hfb-mobile-header-display":"","site-post-title":"","ast-breadcrumbs-content":"","ast-featured-img":"","footer-sml-layout":"","ast-disable-related-posts":"","theme-transparent-header-meta":"","adv-header-id-meta":"","stick-header-meta":"","header-above-stick-meta":"","header-main-stick-meta":"","header-below-stick-meta":"","astra-migrate-meta-layouts":"set","ast-page-background-enabled":"default","ast-page-background-meta":{"desktop":{"background-color":"var(--ast-global-color-4)","background-image":"","background-repeat":"repeat","background-position":"center center","background-size":"auto","background-attachment":"scroll","background-type":"","background-media":"","overlay-type":"","overlay-color":"","overlay-opacity":"","overlay-gradient":""},"tablet":{"background-color":"","background-image":"","background-repeat":"repeat","background-position":"center center","background-size":"auto","background-attachment":"scroll","background-type":"","background-media":"","overlay-type":"","overlay-color":"","overlay-opacity":"","overlay-gradient":""},"mobile":{"background-color":"","background-image":"","background-repeat":"repeat","background-position":"center center","background-size":"auto","background-attachment":"scroll","background-type":"","background-media":"","overlay-type":"","overlay-color":"","overlay-opacity":"","overlay-gradient":""}},"ast-content-background-meta":{"desktop":{"background-color":"var(--ast-global-color-5)","background-image":"","background-repeat":"repeat","background-position":"center center","background-size":"auto","background-attachment":"scroll","background-type":"","background-media":"","overlay-type":"","overlay-color":"","overlay-opacity":"","overlay-gradient":""},"tablet":{"background-color":"var(--ast-global-color-5)","background-image":"","background-repeat":"repeat","background-position":"center center","background-size":"auto","background-attachment":"scroll","background-type":"","background-media":"","overlay-type":"","overlay-color":"","overlay-opacity":"","overlay-gradient":""},"mobile":{"background-color":"var(--ast-global-color-5)","background-image":"","background-repeat":"repeat","background-position":"center center","background-size":"auto","background-attachment":"scroll","background-type":"","background-media":"","overlay-type":"","overlay-color":"","overlay-opacity":"","overlay-gradient":""}},"footnotes":""},"class_list":["post-268","page","type-page","status-publish","hentry"],"yoast_head":"<!-- This site is optimized with the Yoast SEO plugin v27.6 - https:\/\/yoast.com\/product\/yoast-seo-wordpress\/ -->\n<title>\u041f\u0440\u0430\u0432\u043b\u0435\u043d\u0438\u0435 \u0415\u0422\u041e &#187; ETO<\/title>\n<meta name=\"robots\" content=\"index, follow, max-snippet:-1, max-image-preview:large, max-video-preview:-1\" \/>\n<link rel=\"canonical\" href=\"https:\/\/www.eto.ee\/ru\/eto\/\u043f\u0440\u0430\u0432\u043b\u0435\u043d\u0438\u0435-\u0435\u0442\u043e\/\" \/>\n<meta property=\"og:locale\" content=\"ru_RU\" \/>\n<meta property=\"og:type\" content=\"article\" \/>\n<meta property=\"og:title\" content=\"\u041f\u0440\u0430\u0432\u043b\u0435\u043d\u0438\u0435 \u0415\u0422\u041e &#187; ETO\" \/>\n<meta property=\"og:description\" content=\"\u0427\u043b\u0435\u043d \u043f\u0440\u0430\u0432\u043b\u0435\u043d\u0438\u044f:\u00a0Siret Kivilo \u0421\u043e\u0432\u0435\u0442: Anora Estonia AS (Kai Rukki &#8212; \u043f\u0440\u0435\u0434\u0441\u0435\u0434\u0430\u0442\u0435\u043b\u044c \u0441\u043e\u0432\u0435\u0442\u0430 ETO) Coop Eesti Kesk\u00fchistu (Veiko Haavapuu) Rimi Eesti Food AS (Erik Lepik) Maag Eesti AS (Martin K\u00fc\u00fcsmaa) Valio Eesti AS (Andrus M\u00f6lder)\" \/>\n<meta property=\"og:url\" content=\"https:\/\/www.eto.ee\/ru\/eto\/\u043f\u0440\u0430\u0432\u043b\u0435\u043d\u0438\u0435-\u0435\u0442\u043e\/\" \/>\n<meta property=\"og:site_name\" content=\"ETO\" \/>\n<meta property=\"article:modified_time\" content=\"2025-11-13T09:25:12+00:00\" \/>\n<meta name=\"twitter:card\" content=\"summary_large_image\" \/>\n<meta name=\"twitter:label1\" content=\"\u041f\u0440\u0438\u043c\u0435\u0440\u043d\u043e\u0435 \u0432\u0440\u0435\u043c\u044f \u0434\u043b\u044f \u0447\u0442\u0435\u043d\u0438\u044f\" \/>\n\t<meta name=\"twitter:data1\" content=\"1 \u043c\u0438\u043d\u0443\u0442\u0430\" \/>\n<script type=\"application\/ld+json\" class=\"yoast-schema-graph\">{\"@context\":\"https:\\\/\\\/schema.org\",\"@graph\":[{\"@type\":\"WebPage\",\"@id\":\"https:\\\/\\\/www.eto.ee\\\/ru\\\/eto\\\/%d0%bf%d1%80%d0%b0%d0%b2%d0%bb%d0%b5%d0%bd%d0%b8%d0%b5-%d0%b5%d1%82%d0%be\\\/\",\"url\":\"https:\\\/\\\/www.eto.ee\\\/ru\\\/eto\\\/%d0%bf%d1%80%d0%b0%d0%b2%d0%bb%d0%b5%d0%bd%d0%b8%d0%b5-%d0%b5%d1%82%d0%be\\\/\",\"name\":\"\u041f\u0440\u0430\u0432\u043b\u0435\u043d\u0438\u0435 \u0415\u0422\u041e &#187; ETO\",\"isPartOf\":{\"@id\":\"https:\\\/\\\/www.eto.ee\\\/#website\"},\"datePublished\":\"2016-04-12T18:11:32+00:00\",\"dateModified\":\"2025-11-13T09:25:12+00:00\",\"breadcrumb\":{\"@id\":\"https:\\\/\\\/www.eto.ee\\\/ru\\\/eto\\\/%d0%bf%d1%80%d0%b0%d0%b2%d0%bb%d0%b5%d0%bd%d0%b8%d0%b5-%d0%b5%d1%82%d0%be\\\/#breadcrumb\"},\"inLanguage\":\"ru-RU\",\"potentialAction\":[{\"@type\":\"ReadAction\",\"target\":[\"https:\\\/\\\/www.eto.ee\\\/ru\\\/eto\\\/%d0%bf%d1%80%d0%b0%d0%b2%d0%bb%d0%b5%d0%bd%d0%b8%d0%b5-%d0%b5%d1%82%d0%be\\\/\"]}]},{\"@type\":\"BreadcrumbList\",\"@id\":\"https:\\\/\\\/www.eto.ee\\\/ru\\\/eto\\\/%d0%bf%d1%80%d0%b0%d0%b2%d0%bb%d0%b5%d0%bd%d0%b8%d0%b5-%d0%b5%d1%82%d0%be\\\/#breadcrumb\",\"itemListElement\":[{\"@type\":\"ListItem\",\"position\":1,\"name\":\"Home\",\"item\":\"https:\\\/\\\/www.eto.ee\\\/ru\\\/\"},{\"@type\":\"ListItem\",\"position\":2,\"name\":\"ETO\",\"item\":\"https:\\\/\\\/www.eto.ee\\\/ru\\\/\"},{\"@type\":\"ListItem\",\"position\":3,\"name\":\"\u041f\u0440\u0430\u0432\u043b\u0435\u043d\u0438\u0435 \u0415\u0422\u041e\"}]},{\"@type\":\"WebSite\",\"@id\":\"https:\\\/\\\/www.eto.ee\\\/#website\",\"url\":\"https:\\\/\\\/www.eto.ee\\\/\",\"name\":\"ETO\",\"description\":\"MT\u00dc Eesti Taaskasutusorganisatsioon\",\"publisher\":{\"@id\":\"https:\\\/\\\/www.eto.ee\\\/#organization\"},\"potentialAction\":[{\"@type\":\"SearchAction\",\"target\":{\"@type\":\"EntryPoint\",\"urlTemplate\":\"https:\\\/\\\/www.eto.ee\\\/?s={search_term_string}\"},\"query-input\":{\"@type\":\"PropertyValueSpecification\",\"valueRequired\":true,\"valueName\":\"search_term_string\"}}],\"inLanguage\":\"ru-RU\"},{\"@type\":\"Organization\",\"@id\":\"https:\\\/\\\/www.eto.ee\\\/#organization\",\"name\":\"ETO\",\"url\":\"https:\\\/\\\/www.eto.ee\\\/\",\"logo\":{\"@type\":\"ImageObject\",\"inLanguage\":\"ru-RU\",\"@id\":\"https:\\\/\\\/www.eto.ee\\\/#\\\/schema\\\/logo\\\/image\\\/\",\"url\":\"https:\\\/\\\/www.eto.ee\\\/wp-content\\\/uploads\\\/eto-logo.svg\",\"contentUrl\":\"https:\\\/\\\/www.eto.ee\\\/wp-content\\\/uploads\\\/eto-logo.svg\",\"width\":\"1024\",\"height\":\"1024\",\"caption\":\"ETO\"},\"image\":{\"@id\":\"https:\\\/\\\/www.eto.ee\\\/#\\\/schema\\\/logo\\\/image\\\/\"}}]}<\/script>\n<!-- \/ Yoast SEO plugin. -->","yoast_head_json":{"title":"\u041f\u0440\u0430\u0432\u043b\u0435\u043d\u0438\u0435 \u0415\u0422\u041e &#187; ETO","robots":{"index":"index","follow":"follow","max-snippet":"max-snippet:-1","max-image-preview":"max-image-preview:large","max-video-preview":"max-video-preview:-1"},"canonical":"https:\/\/www.eto.ee\/ru\/eto\/\u043f\u0440\u0430\u0432\u043b\u0435\u043d\u0438\u0435-\u0435\u0442\u043e\/","og_locale":"ru_RU","og_type":"article","og_title":"\u041f\u0440\u0430\u0432\u043b\u0435\u043d\u0438\u0435 \u0415\u0422\u041e &#187; ETO","og_description":"\u0427\u043b\u0435\u043d \u043f\u0440\u0430\u0432\u043b\u0435\u043d\u0438\u044f:\u00a0Siret Kivilo \u0421\u043e\u0432\u0435\u0442: Anora Estonia AS (Kai Rukki &#8212; \u043f\u0440\u0435\u0434\u0441\u0435\u0434\u0430\u0442\u0435\u043b\u044c \u0441\u043e\u0432\u0435\u0442\u0430 ETO) Coop Eesti Kesk\u00fchistu (Veiko Haavapuu) Rimi Eesti Food AS (Erik Lepik) Maag Eesti AS (Martin K\u00fc\u00fcsmaa) Valio Eesti AS (Andrus M\u00f6lder)","og_url":"https:\/\/www.eto.ee\/ru\/eto\/\u043f\u0440\u0430\u0432\u043b\u0435\u043d\u0438\u0435-\u0435\u0442\u043e\/","og_site_name":"ETO","article_modified_time":"2025-11-13T09:25:12+00:00","twitter_card":"summary_large_image","twitter_misc":{"\u041f\u0440\u0438\u043c\u0435\u0440\u043d\u043e\u0435 \u0432\u0440\u0435\u043c\u044f \u0434\u043b\u044f \u0447\u0442\u0435\u043d\u0438\u044f":"1 \u043c\u0438\u043d\u0443\u0442\u0430"},"schema":{"@context":"https:\/\/schema.org","@graph":[{"@type":"WebPage","@id":"https:\/\/www.eto.ee\/ru\/eto\/%d0%bf%d1%80%d0%b0%d0%b2%d0%bb%d0%b5%d0%bd%d0%b8%d0%b5-%d0%b5%d1%82%d0%be\/","url":"https:\/\/www.eto.ee\/ru\/eto\/%d0%bf%d1%80%d0%b0%d0%b2%d0%bb%d0%b5%d0%bd%d0%b8%d0%b5-%d0%b5%d1%82%d0%be\/","name":"\u041f\u0440\u0430\u0432\u043b\u0435\u043d\u0438\u0435 \u0415\u0422\u041e &#187; ETO","isPartOf":{"@id":"https:\/\/www.eto.ee\/#website"},"datePublished":"2016-04-12T18:11:32+00:00","dateModified":"2025-11-13T09:25:12+00:00","breadcrumb":{"@id":"https:\/\/www.eto.ee\/ru\/eto\/%d0%bf%d1%80%d0%b0%d0%b2%d0%bb%d0%b5%d0%bd%d0%b8%d0%b5-%d0%b5%d1%82%d0%be\/#breadcrumb"},"inLanguage":"ru-RU","potentialAction":[{"@type":"ReadAction","target":["https:\/\/www.eto.ee\/ru\/eto\/%d0%bf%d1%80%d0%b0%d0%b2%d0%bb%d0%b5%d0%bd%d0%b8%d0%b5-%d0%b5%d1%82%d0%be\/"]}]},{"@type":"BreadcrumbList","@id":"https:\/\/www.eto.ee\/ru\/eto\/%d0%bf%d1%80%d0%b0%d0%b2%d0%bb%d0%b5%d0%bd%d0%b8%d0%b5-%d0%b5%d1%82%d0%be\/#breadcrumb","itemListElement":[{"@type":"ListItem","position":1,"name":"Home","item":"https:\/\/www.eto.ee\/ru\/"},{"@type":"ListItem","position":2,"name":"ETO","item":"https:\/\/www.eto.ee\/ru\/"},{"@type":"ListItem","position":3,"name":"\u041f\u0440\u0430\u0432\u043b\u0435\u043d\u0438\u0435 \u0415\u0422\u041e"}]},{"@type":"WebSite","@id":"https:\/\/www.eto.ee\/#website","url":"https:\/\/www.eto.ee\/","name":"ETO","description":"MT\u00dc Eesti Taaskasutusorganisatsioon","publisher":{"@id":"https:\/\/www.eto.ee\/#organization"},"potentialAction":[{"@type":"SearchAction","target":{"@type":"EntryPoint","urlTemplate":"https:\/\/www.eto.ee\/?s={search_term_string}"},"query-input":{"@type":"PropertyValueSpecification","valueRequired":true,"valueName":"search_term_string"}}],"inLanguage":"ru-RU"},{"@type":"Organization","@id":"https:\/\/www.eto.ee\/#organization","name":"ETO","url":"https:\/\/www.eto.ee\/","logo":{"@type":"ImageObject","inLanguage":"ru-RU","@id":"https:\/\/www.eto.ee\/#\/schema\/logo\/image\/","url":"https:\/\/www.eto.ee\/wp-content\/uploads\/eto-logo.svg","contentUrl":"https:\/\/www.eto.ee\/wp-content\/uploads\/eto-logo.svg","width":"1024","height":"1024","caption":"ETO"},"image":{"@id":"https:\/\/www.eto.ee\/#\/schema\/logo\/image\/"}}]}},"uagb_featured_image_src":{"full":false,"thumbnail":false,"medium":false,"medium_large":false,"large":false,"1536x1536":false,"2048x2048":false},"uagb_author_info":{"display_name":"admin","author_link":"https:\/\/www.eto.ee\/ru\/author\/admin\/"},"uagb_comment_info":0,"uagb_excerpt":"\u0427\u043b\u0435\u043d \u043f\u0440\u0430\u0432\u043b\u0435\u043d\u0438\u044f:\u00a0Siret Kivilo \u0421\u043e\u0432\u0435\u0442: Anora Estonia AS (Kai Rukki &#8212; \u043f\u0440\u0435\u0434\u0441\u0435\u0434\u0430\u0442\u0435\u043b\u044c \u0441\u043e\u0432\u0435\u0442\u0430 ETO) Coop Eesti Kesk\u00fchistu (Veiko Haavapuu) Rimi Eesti Food AS (Erik Lepik) Maag Eesti AS (Martin K\u00fc\u00fcsmaa) Valio Eesti AS (Andrus M\u00f6lder)","_links":{"self":[{"href":"https:\/\/www.eto.ee\/ru\/wp-json\/wp\/v2\/pages\/268","targetHints":{"allow":["GET"]}}],"collection":[{"href":"https:\/\/www.eto.ee\/ru\/wp-json\/wp\/v2\/pages"}],"about":[{"href":"https:\/\/www.eto.ee\/ru\/wp-json\/wp\/v2\/types\/page"}],"author":[{"embeddable":true,"href":"https:\/\/www.eto.ee\/ru\/wp-json\/wp\/v2\/users\/1"}],"replies":[{"embeddable":true,"href":"https:\/\/www.eto.ee\/ru\/wp-json\/wp\/v2\/comments?post=268"}],"version-history":[{"count":7,"href":"https:\/\/www.eto.ee\/ru\/wp-json\/wp\/v2\/pages\/268\/revisions"}],"predecessor-version":[{"id":2733,"href":"https:\/\/www.eto.ee\/ru\/wp-json\/wp\/v2\/pages\/268\/revisions\/2733"}],"up":[{"embeddable":true,"href":"https:\/\/www.eto.ee\/ru\/wp-json\/wp\/v2\/pages\/260"}],"wp:attachment":[{"href":"https:\/\/www.eto.ee\/ru\/wp-json\/wp\/v2\/media?parent=268"}],"curies":[{"name":"wp","href":"https:\/\/api.w.org\/{rel}","templated":true}]}}