{"id":114,"date":"2016-04-11T00:11:32","date_gmt":"2016-04-10T21:11:32","guid":{"rendered":"http:\/\/uus.eto.ee\/en\/?page_id=114"},"modified":"2016-05-09T13:02:38","modified_gmt":"2016-05-09T10:02:38","slug":"partners","status":"publish","type":"page","link":"https:\/\/www.eto.ee\/en\/137-2\/partners\/","title":{"rendered":"Partners"},"content":{"rendered":"<p>Ragn-Sells AS<br \/>\nEesti Keskkonnateenused AS<br \/>\nV\u00e4\u00e4tsa Pr\u00fcgila AS<br \/>\nPaikre O\u00dc<br \/>\nNordic Paper O\u00dc<br \/>\nUikala Pr\u00fcgila AS<br \/>\nVarmaPartner O\u00dc<br \/>\nEpler&amp;Lorenz AS<br \/>\nKesto O\u00dc<br \/>\nRP Pakend O\u00dc<br \/>\nPr\u00fcgimees O\u00dc<br \/>\nMetrosystem O\u00dc<br \/>\nAbsolut Ehitus O\u00dc<\/p>\n","protected":false},"excerpt":{"rendered":"<p>Ragn-Sells AS Eesti Keskkonnateenused AS V\u00e4\u00e4tsa Pr\u00fcgila AS Paikre O\u00dc Nordic Paper O\u00dc Uikala Pr\u00fcgila AS VarmaPartner O\u00dc Epler&amp;Lorenz AS Kesto O\u00dc RP Pakend O\u00dc Pr\u00fcgimees O\u00dc Metrosystem O\u00dc Absolut Ehitus O\u00dc<\/p>\n","protected":false},"author":1,"featured_media":0,"parent":137,"menu_order":0,"comment_status":"closed","ping_status":"closed","template":"","meta":{"inline_featured_image":false,"_uag_custom_page_level_css":"","site-sidebar-layout":"default","site-content-layout":"","ast-site-content-layout":"default","site-content-style":"default","site-sidebar-style":"default","ast-global-header-display":"","ast-banner-title-visibility":"","ast-main-header-display":"","ast-hfb-above-header-display":"","ast-hfb-below-header-display":"","ast-hfb-mobile-header-display":"","site-post-title":"","ast-breadcrumbs-content":"","ast-featured-img":"","footer-sml-layout":"","ast-disable-related-posts":"","theme-transparent-header-meta":"","adv-header-id-meta":"","stick-header-meta":"","header-above-stick-meta":"","header-main-stick-meta":"","header-below-stick-meta":"","astra-migrate-meta-layouts":"default","ast-page-background-enabled":"default","ast-page-background-meta":{"desktop":{"background-color":"var(--ast-global-color-4)","background-image":"","background-repeat":"repeat","background-position":"center center","background-size":"auto","background-attachment":"scroll","background-type":"","background-media":"","overlay-type":"","overlay-color":"","overlay-opacity":"","overlay-gradient":""},"tablet":{"background-color":"","background-image":"","background-repeat":"repeat","background-position":"center center","background-size":"auto","background-attachment":"scroll","background-type":"","background-media":"","overlay-type":"","overlay-color":"","overlay-opacity":"","overlay-gradient":""},"mobile":{"background-color":"","background-image":"","background-repeat":"repeat","background-position":"center center","background-size":"auto","background-attachment":"scroll","background-type":"","background-media":"","overlay-type":"","overlay-color":"","overlay-opacity":"","overlay-gradient":""}},"ast-content-background-meta":{"desktop":{"background-color":"var(--ast-global-color-5)","background-image":"","background-repeat":"repeat","background-position":"center center","background-size":"auto","background-attachment":"scroll","background-type":"","background-media":"","overlay-type":"","overlay-color":"","overlay-opacity":"","overlay-gradient":""},"tablet":{"background-color":"var(--ast-global-color-5)","background-image":"","background-repeat":"repeat","background-position":"center center","background-size":"auto","background-attachment":"scroll","background-type":"","background-media":"","overlay-type":"","overlay-color":"","overlay-opacity":"","overlay-gradient":""},"mobile":{"background-color":"var(--ast-global-color-5)","background-image":"","background-repeat":"repeat","background-position":"center center","background-size":"auto","background-attachment":"scroll","background-type":"","background-media":"","overlay-type":"","overlay-color":"","overlay-opacity":"","overlay-gradient":""}},"footnotes":""},"class_list":["post-114","page","type-page","status-publish","hentry"],"yoast_head":"<!-- This site is optimized with the Yoast SEO plugin v27.3 - https:\/\/yoast.com\/product\/yoast-seo-wordpress\/ -->\n<title>Partners &#187; ETO<\/title>\n<meta name=\"robots\" content=\"index, follow, max-snippet:-1, max-image-preview:large, max-video-preview:-1\" \/>\n<link rel=\"canonical\" href=\"https:\/\/www.eto.ee\/en\/137-2\/partners\/\" \/>\n<meta property=\"og:locale\" content=\"en_US\" \/>\n<meta property=\"og:type\" content=\"article\" \/>\n<meta property=\"og:title\" content=\"Partners &#187; ETO\" \/>\n<meta property=\"og:description\" content=\"Ragn-Sells AS Eesti Keskkonnateenused AS V\u00e4\u00e4tsa Pr\u00fcgila AS Paikre O\u00dc Nordic Paper O\u00dc Uikala Pr\u00fcgila AS VarmaPartner O\u00dc Epler&amp;Lorenz AS Kesto O\u00dc RP Pakend O\u00dc Pr\u00fcgimees O\u00dc Metrosystem O\u00dc Absolut Ehitus O\u00dc\" \/>\n<meta property=\"og:url\" content=\"https:\/\/www.eto.ee\/en\/137-2\/partners\/\" \/>\n<meta property=\"og:site_name\" content=\"ETO\" \/>\n<meta property=\"article:modified_time\" content=\"2016-05-09T10:02:38+00:00\" \/>\n<meta name=\"twitter:card\" content=\"summary_large_image\" \/>\n<script type=\"application\/ld+json\" class=\"yoast-schema-graph\">{\"@context\":\"https:\\\/\\\/schema.org\",\"@graph\":[{\"@type\":\"WebPage\",\"@id\":\"https:\\\/\\\/www.eto.ee\\\/en\\\/137-2\\\/partners\\\/\",\"url\":\"https:\\\/\\\/www.eto.ee\\\/en\\\/137-2\\\/partners\\\/\",\"name\":\"Partners &#187; ETO\",\"isPartOf\":{\"@id\":\"https:\\\/\\\/www.eto.ee\\\/#website\"},\"datePublished\":\"2016-04-10T21:11:32+00:00\",\"dateModified\":\"2016-05-09T10:02:38+00:00\",\"breadcrumb\":{\"@id\":\"https:\\\/\\\/www.eto.ee\\\/en\\\/137-2\\\/partners\\\/#breadcrumb\"},\"inLanguage\":\"en-US\",\"potentialAction\":[{\"@type\":\"ReadAction\",\"target\":[\"https:\\\/\\\/www.eto.ee\\\/en\\\/137-2\\\/partners\\\/\"]}]},{\"@type\":\"BreadcrumbList\",\"@id\":\"https:\\\/\\\/www.eto.ee\\\/en\\\/137-2\\\/partners\\\/#breadcrumb\",\"itemListElement\":[{\"@type\":\"ListItem\",\"position\":1,\"name\":\"Home\",\"item\":\"https:\\\/\\\/www.eto.ee\\\/en\\\/\"},{\"@type\":\"ListItem\",\"position\":2,\"name\":\"ETO\",\"item\":\"https:\\\/\\\/www.eto.ee\\\/en\\\/\"},{\"@type\":\"ListItem\",\"position\":3,\"name\":\"Partners\"}]},{\"@type\":\"WebSite\",\"@id\":\"https:\\\/\\\/www.eto.ee\\\/#website\",\"url\":\"https:\\\/\\\/www.eto.ee\\\/\",\"name\":\"ETO\",\"description\":\"MT\u00dc Eesti Taaskasutusorganisatsioon\",\"publisher\":{\"@id\":\"https:\\\/\\\/www.eto.ee\\\/#organization\"},\"potentialAction\":[{\"@type\":\"SearchAction\",\"target\":{\"@type\":\"EntryPoint\",\"urlTemplate\":\"https:\\\/\\\/www.eto.ee\\\/?s={search_term_string}\"},\"query-input\":{\"@type\":\"PropertyValueSpecification\",\"valueRequired\":true,\"valueName\":\"search_term_string\"}}],\"inLanguage\":\"en-US\"},{\"@type\":\"Organization\",\"@id\":\"https:\\\/\\\/www.eto.ee\\\/#organization\",\"name\":\"ETO\",\"url\":\"https:\\\/\\\/www.eto.ee\\\/\",\"logo\":{\"@type\":\"ImageObject\",\"inLanguage\":\"en-US\",\"@id\":\"https:\\\/\\\/www.eto.ee\\\/#\\\/schema\\\/logo\\\/image\\\/\",\"url\":\"https:\\\/\\\/www.eto.ee\\\/wp-content\\\/uploads\\\/eto-logo.svg\",\"contentUrl\":\"https:\\\/\\\/www.eto.ee\\\/wp-content\\\/uploads\\\/eto-logo.svg\",\"width\":\"1024\",\"height\":\"1024\",\"caption\":\"ETO\"},\"image\":{\"@id\":\"https:\\\/\\\/www.eto.ee\\\/#\\\/schema\\\/logo\\\/image\\\/\"}}]}<\/script>\n<!-- \/ Yoast SEO plugin. -->","yoast_head_json":{"title":"Partners &#187; ETO","robots":{"index":"index","follow":"follow","max-snippet":"max-snippet:-1","max-image-preview":"max-image-preview:large","max-video-preview":"max-video-preview:-1"},"canonical":"https:\/\/www.eto.ee\/en\/137-2\/partners\/","og_locale":"en_US","og_type":"article","og_title":"Partners &#187; ETO","og_description":"Ragn-Sells AS Eesti Keskkonnateenused AS V\u00e4\u00e4tsa Pr\u00fcgila AS Paikre O\u00dc Nordic Paper O\u00dc Uikala Pr\u00fcgila AS VarmaPartner O\u00dc Epler&amp;Lorenz AS Kesto O\u00dc RP Pakend O\u00dc Pr\u00fcgimees O\u00dc Metrosystem O\u00dc Absolut Ehitus O\u00dc","og_url":"https:\/\/www.eto.ee\/en\/137-2\/partners\/","og_site_name":"ETO","article_modified_time":"2016-05-09T10:02:38+00:00","twitter_card":"summary_large_image","schema":{"@context":"https:\/\/schema.org","@graph":[{"@type":"WebPage","@id":"https:\/\/www.eto.ee\/en\/137-2\/partners\/","url":"https:\/\/www.eto.ee\/en\/137-2\/partners\/","name":"Partners &#187; ETO","isPartOf":{"@id":"https:\/\/www.eto.ee\/#website"},"datePublished":"2016-04-10T21:11:32+00:00","dateModified":"2016-05-09T10:02:38+00:00","breadcrumb":{"@id":"https:\/\/www.eto.ee\/en\/137-2\/partners\/#breadcrumb"},"inLanguage":"en-US","potentialAction":[{"@type":"ReadAction","target":["https:\/\/www.eto.ee\/en\/137-2\/partners\/"]}]},{"@type":"BreadcrumbList","@id":"https:\/\/www.eto.ee\/en\/137-2\/partners\/#breadcrumb","itemListElement":[{"@type":"ListItem","position":1,"name":"Home","item":"https:\/\/www.eto.ee\/en\/"},{"@type":"ListItem","position":2,"name":"ETO","item":"https:\/\/www.eto.ee\/en\/"},{"@type":"ListItem","position":3,"name":"Partners"}]},{"@type":"WebSite","@id":"https:\/\/www.eto.ee\/#website","url":"https:\/\/www.eto.ee\/","name":"ETO","description":"MT\u00dc Eesti Taaskasutusorganisatsioon","publisher":{"@id":"https:\/\/www.eto.ee\/#organization"},"potentialAction":[{"@type":"SearchAction","target":{"@type":"EntryPoint","urlTemplate":"https:\/\/www.eto.ee\/?s={search_term_string}"},"query-input":{"@type":"PropertyValueSpecification","valueRequired":true,"valueName":"search_term_string"}}],"inLanguage":"en-US"},{"@type":"Organization","@id":"https:\/\/www.eto.ee\/#organization","name":"ETO","url":"https:\/\/www.eto.ee\/","logo":{"@type":"ImageObject","inLanguage":"en-US","@id":"https:\/\/www.eto.ee\/#\/schema\/logo\/image\/","url":"https:\/\/www.eto.ee\/wp-content\/uploads\/eto-logo.svg","contentUrl":"https:\/\/www.eto.ee\/wp-content\/uploads\/eto-logo.svg","width":"1024","height":"1024","caption":"ETO"},"image":{"@id":"https:\/\/www.eto.ee\/#\/schema\/logo\/image\/"}}]}},"uagb_featured_image_src":{"full":false,"thumbnail":false,"medium":false,"medium_large":false,"large":false,"1536x1536":false,"2048x2048":false},"uagb_author_info":{"display_name":"admin","author_link":"https:\/\/www.eto.ee\/en\/author\/admin\/"},"uagb_comment_info":0,"uagb_excerpt":"Ragn-Sells AS Eesti Keskkonnateenused AS V\u00e4\u00e4tsa Pr\u00fcgila AS Paikre O\u00dc Nordic Paper O\u00dc Uikala Pr\u00fcgila AS VarmaPartner O\u00dc Epler&amp;Lorenz AS Kesto O\u00dc RP Pakend O\u00dc Pr\u00fcgimees O\u00dc Metrosystem O\u00dc Absolut Ehitus O\u00dc","_links":{"self":[{"href":"https:\/\/www.eto.ee\/en\/wp-json\/wp\/v2\/pages\/114","targetHints":{"allow":["GET"]}}],"collection":[{"href":"https:\/\/www.eto.ee\/en\/wp-json\/wp\/v2\/pages"}],"about":[{"href":"https:\/\/www.eto.ee\/en\/wp-json\/wp\/v2\/types\/page"}],"author":[{"embeddable":true,"href":"https:\/\/www.eto.ee\/en\/wp-json\/wp\/v2\/users\/1"}],"replies":[{"embeddable":true,"href":"https:\/\/www.eto.ee\/en\/wp-json\/wp\/v2\/comments?post=114"}],"version-history":[{"count":4,"href":"https:\/\/www.eto.ee\/en\/wp-json\/wp\/v2\/pages\/114\/revisions"}],"predecessor-version":[{"id":525,"href":"https:\/\/www.eto.ee\/en\/wp-json\/wp\/v2\/pages\/114\/revisions\/525"}],"up":[{"embeddable":true,"href":"https:\/\/www.eto.ee\/en\/wp-json\/wp\/v2\/pages\/137"}],"wp:attachment":[{"href":"https:\/\/www.eto.ee\/en\/wp-json\/wp\/v2\/media?parent=114"}],"curies":[{"name":"wp","href":"https:\/\/api.w.org\/{rel}","templated":true}]}}